{"id":17219,"date":"2022-09-19T00:07:13","date_gmt":"2024-05-28T11:56:59","guid":{"rendered":"https:\/\/www.pooze.pt\/product\/vestido-con-cinturon-6\/"},"modified":"2025-03-19T18:07:25","modified_gmt":"2025-03-19T18:07:25","slug":"vestido-con-cinturon-6","status":"publish","type":"product","link":"https:\/\/www.pooze.pt\/es\/produto\/vestido-con-cinturon-6\/","title":{"rendered":"VESTIDO CON CINTUR\u00d3N"},"content":{"rendered":"<p>Vestido de l\u00ednea recta con cintur\u00f3n y cremallera invisible en la espalda.<br \/>\nS\u00f3lo disponible en un color.<br \/>\nLa modelo lleva la talla 34\/XS.<\/p>\n","protected":false},"excerpt":{"rendered":"<p>Vestido de l\u00ednea recta con cintur\u00f3n y cremallera invisible en la espalda.<br \/>\nS\u00f3lo disponible en un color.<br \/>\nLa modelo lleva la talla 34\/XS.<\/p>\n","protected":false},"featured_media":17223,"template":"","meta":{"_acf_changed":false,"_et_pb_use_builder":"","_et_pb_old_content":"","_et_gb_content_width":""},"product_brand":[],"product_cat":[307],"product_tag":[327],"class_list":{"0":"post-17219","1":"product","2":"type-product","3":"status-publish","4":"has-post-thumbnail","6":"product_cat-outlet-es","7":"product_tag-otono-invierno-2022-23","9":"first","10":"instock","11":"sale","12":"taxable","13":"shipping-taxable","14":"purchasable","15":"product-type-variable"},"acf":[],"jetpack_sharing_enabled":true,"_links":{"self":[{"href":"https:\/\/www.pooze.pt\/es\/wp-json\/wp\/v2\/product\/17219","targetHints":{"allow":["GET"]}}],"collection":[{"href":"https:\/\/www.pooze.pt\/es\/wp-json\/wp\/v2\/product"}],"about":[{"href":"https:\/\/www.pooze.pt\/es\/wp-json\/wp\/v2\/types\/product"}],"wp:featuredmedia":[{"embeddable":true,"href":"https:\/\/www.pooze.pt\/es\/wp-json\/wp\/v2\/media\/17223"}],"wp:attachment":[{"href":"https:\/\/www.pooze.pt\/es\/wp-json\/wp\/v2\/media?parent=17219"}],"wp:term":[{"taxonomy":"product_brand","embeddable":true,"href":"https:\/\/www.pooze.pt\/es\/wp-json\/wp\/v2\/product_brand?post=17219"},{"taxonomy":"product_cat","embeddable":true,"href":"https:\/\/www.pooze.pt\/es\/wp-json\/wp\/v2\/product_cat?post=17219"},{"taxonomy":"product_tag","embeddable":true,"href":"https:\/\/www.pooze.pt\/es\/wp-json\/wp\/v2\/product_tag?post=17219"}],"curies":[{"name":"wp","href":"https:\/\/api.w.org\/{rel}","templated":true}]}}