{"id":17253,"date":"2022-09-19T00:33:16","date_gmt":"2022-09-19T00:33:16","guid":{"rendered":"https:\/\/www.pooze.pt\/product\/pantalones-de-jogger\/"},"modified":"2025-08-26T11:57:18","modified_gmt":"2025-08-26T11:57:18","slug":"pantalones-de-jogger","status":"publish","type":"product","link":"https:\/\/www.pooze.pt\/es\/produto\/pantalones-de-jogger\/","title":{"rendered":"PANTALONES DE JOGGER"},"content":{"rendered":"<p>Pantal\u00f3n jogger de terciopelo con l\u00farex, corte recto, cintura el\u00e1stica y peque\u00f1as trabillas para el cintur\u00f3n.<br \/>\nS\u00f3lo disponible en azul.<br \/>\nLa modelo lleva la talla 34\/ XS.<\/p>\n","protected":false},"excerpt":{"rendered":"<p>Pantal\u00f3n jogger de terciopelo con l\u00farex, corte recto, cintura el\u00e1stica y peque\u00f1as trabillas para el cintur\u00f3n.<br \/>\nS\u00f3lo disponible en azul.<br \/>\nLa modelo lleva la talla 34\/ XS.<\/p>\n","protected":false},"featured_media":17257,"template":"","meta":{"_acf_changed":false,"_et_pb_use_builder":"","_et_pb_old_content":"","_et_gb_content_width":""},"product_brand":[],"product_cat":[307],"product_tag":[327],"class_list":{"0":"post-17253","1":"product","2":"type-product","3":"status-publish","4":"has-post-thumbnail","6":"product_cat-outlet-es","7":"product_tag-otono-invierno-2022-23","9":"first","10":"instock","11":"sale","12":"taxable","13":"shipping-taxable","14":"purchasable","15":"product-type-variable"},"acf":[],"jetpack_sharing_enabled":true,"_links":{"self":[{"href":"https:\/\/www.pooze.pt\/es\/wp-json\/wp\/v2\/product\/17253","targetHints":{"allow":["GET"]}}],"collection":[{"href":"https:\/\/www.pooze.pt\/es\/wp-json\/wp\/v2\/product"}],"about":[{"href":"https:\/\/www.pooze.pt\/es\/wp-json\/wp\/v2\/types\/product"}],"wp:featuredmedia":[{"embeddable":true,"href":"https:\/\/www.pooze.pt\/es\/wp-json\/wp\/v2\/media\/17257"}],"wp:attachment":[{"href":"https:\/\/www.pooze.pt\/es\/wp-json\/wp\/v2\/media?parent=17253"}],"wp:term":[{"taxonomy":"product_brand","embeddable":true,"href":"https:\/\/www.pooze.pt\/es\/wp-json\/wp\/v2\/product_brand?post=17253"},{"taxonomy":"product_cat","embeddable":true,"href":"https:\/\/www.pooze.pt\/es\/wp-json\/wp\/v2\/product_cat?post=17253"},{"taxonomy":"product_tag","embeddable":true,"href":"https:\/\/www.pooze.pt\/es\/wp-json\/wp\/v2\/product_tag?post=17253"}],"curies":[{"name":"wp","href":"https:\/\/api.w.org\/{rel}","templated":true}]}}