{"id":20161,"date":"2024-09-28T00:01:37","date_gmt":"2024-09-28T10:36:48","guid":{"rendered":"https:\/\/www.pooze.pt\/product\/chaleco-con-cinturon\/"},"modified":"2025-07-04T10:21:42","modified_gmt":"2025-07-04T10:21:42","slug":"chaleco-con-cinturon","status":"publish","type":"product","link":"https:\/\/www.pooze.pt\/es\/produto\/chaleco-con-cinturon\/","title":{"rendered":"CHALECO"},"content":{"rendered":"<p>Chaleco de fantas\u00eda en la espalda, con cintur\u00f3n y abrochado con tres botones. S\u00f3lo disponible en un color. La modelo lleva la talla 34\/XS.<\/p>\n","protected":false},"excerpt":{"rendered":"<p>Chaleco de fantas\u00eda en la espalda, con cintur\u00f3n y abrochado con tres botones. S\u00f3lo disponible en un color. La modelo lleva la talla 34\/XS.<\/p>\n","protected":false},"featured_media":24066,"template":"","meta":{"_acf_changed":false,"_et_pb_use_builder":"","_et_pb_old_content":"","_et_gb_content_width":""},"product_brand":[],"product_cat":[307],"product_tag":[475],"class_list":{"0":"post-20161","1":"product","2":"type-product","3":"status-publish","4":"has-post-thumbnail","6":"product_cat-outlet-es","7":"product_tag-otono-invierno-2024-25","9":"first","10":"instock","11":"sale","12":"taxable","13":"shipping-taxable","14":"purchasable","15":"product-type-variable"},"acf":[],"jetpack_sharing_enabled":true,"_links":{"self":[{"href":"https:\/\/www.pooze.pt\/es\/wp-json\/wp\/v2\/product\/20161","targetHints":{"allow":["GET"]}}],"collection":[{"href":"https:\/\/www.pooze.pt\/es\/wp-json\/wp\/v2\/product"}],"about":[{"href":"https:\/\/www.pooze.pt\/es\/wp-json\/wp\/v2\/types\/product"}],"wp:featuredmedia":[{"embeddable":true,"href":"https:\/\/www.pooze.pt\/es\/wp-json\/wp\/v2\/media\/24066"}],"wp:attachment":[{"href":"https:\/\/www.pooze.pt\/es\/wp-json\/wp\/v2\/media?parent=20161"}],"wp:term":[{"taxonomy":"product_brand","embeddable":true,"href":"https:\/\/www.pooze.pt\/es\/wp-json\/wp\/v2\/product_brand?post=20161"},{"taxonomy":"product_cat","embeddable":true,"href":"https:\/\/www.pooze.pt\/es\/wp-json\/wp\/v2\/product_cat?post=20161"},{"taxonomy":"product_tag","embeddable":true,"href":"https:\/\/www.pooze.pt\/es\/wp-json\/wp\/v2\/product_tag?post=20161"}],"curies":[{"name":"wp","href":"https:\/\/api.w.org\/{rel}","templated":true}]}}