{"id":20547,"date":"2021-09-30T23:50:15","date_gmt":"2021-09-30T23:50:15","guid":{"rendered":"https:\/\/www.pooze.pt\/product\/chaqueta-larga-acolchada\/"},"modified":"2024-10-11T09:30:34","modified_gmt":"2024-10-11T09:30:34","slug":"chaqueta-larga-acolchada","status":"publish","type":"product","link":"https:\/\/www.pooze.pt\/es\/produto\/chaqueta-larga-acolchada\/","title":{"rendered":"CHAQUETA LARGA ACOLCHADA"},"content":{"rendered":"<p>Chaqueta larga acolchada, interior con cuello, pu\u00f1os y vuelta forrados de piel sint\u00e9tica blanca. S\u00f3lo disponible en un color.<\/p>\n","protected":false},"excerpt":{"rendered":"<p>Chaqueta larga acolchada, interior con cuello, pu\u00f1os y vuelta forrados de piel sint\u00e9tica blanca. S\u00f3lo disponible en un color.<\/p>\n","protected":false},"featured_media":20548,"template":"","meta":{"_acf_changed":false,"_et_pb_use_builder":"","_et_pb_old_content":"","_et_gb_content_width":""},"product_brand":[],"product_cat":[307],"product_tag":[318],"class_list":{"0":"post-20547","1":"product","2":"type-product","3":"status-publish","4":"has-post-thumbnail","6":"product_cat-outlet-es","7":"product_tag-otono-invierno-2021-22","9":"first","10":"instock","11":"sale","12":"taxable","13":"shipping-taxable","14":"purchasable","15":"product-type-variable"},"acf":[],"jetpack_sharing_enabled":true,"_links":{"self":[{"href":"https:\/\/www.pooze.pt\/es\/wp-json\/wp\/v2\/product\/20547","targetHints":{"allow":["GET"]}}],"collection":[{"href":"https:\/\/www.pooze.pt\/es\/wp-json\/wp\/v2\/product"}],"about":[{"href":"https:\/\/www.pooze.pt\/es\/wp-json\/wp\/v2\/types\/product"}],"wp:featuredmedia":[{"embeddable":true,"href":"https:\/\/www.pooze.pt\/es\/wp-json\/wp\/v2\/media\/20548"}],"wp:attachment":[{"href":"https:\/\/www.pooze.pt\/es\/wp-json\/wp\/v2\/media?parent=20547"}],"wp:term":[{"taxonomy":"product_brand","embeddable":true,"href":"https:\/\/www.pooze.pt\/es\/wp-json\/wp\/v2\/product_brand?post=20547"},{"taxonomy":"product_cat","embeddable":true,"href":"https:\/\/www.pooze.pt\/es\/wp-json\/wp\/v2\/product_cat?post=20547"},{"taxonomy":"product_tag","embeddable":true,"href":"https:\/\/www.pooze.pt\/es\/wp-json\/wp\/v2\/product_tag?post=20547"}],"curies":[{"name":"wp","href":"https:\/\/api.w.org\/{rel}","templated":true}]}}