{"id":23442,"date":"2022-09-18T00:42:08","date_gmt":"2025-05-02T09:38:58","guid":{"rendered":"https:\/\/www.pooze.pt\/product\/pantalon-jogger-de-punto\/"},"modified":"2025-05-02T09:38:58","modified_gmt":"2025-05-02T09:38:58","slug":"pantalon-jogger-de-punto","status":"publish","type":"product","link":"https:\/\/www.pooze.pt\/es\/produto\/pantalon-jogger-de-punto\/","title":{"rendered":"PANTAL\u00d3N JOGGER DE PUNTO"},"content":{"rendered":"<p>Pantal\u00f3n de punto, corte recto y cintura el\u00e1stica.<br \/>\nS\u00f3lo disponible en un color.<br \/>\nLa modelo lleva la talla 34\/XS.<\/p>\n","protected":false},"excerpt":{"rendered":"<p>Pantal\u00f3n de punto, corte recto y cintura el\u00e1stica.<br \/>\nS\u00f3lo disponible en un color.<br \/>\nLa modelo lleva la talla 34\/XS.<\/p>\n","protected":false},"featured_media":23443,"template":"","meta":{"_acf_changed":false,"_et_pb_use_builder":"","_et_pb_old_content":"","_et_gb_content_width":""},"product_brand":[],"product_cat":[307],"product_tag":[327],"class_list":{"0":"post-23442","1":"product","2":"type-product","3":"status-publish","4":"has-post-thumbnail","6":"product_cat-outlet-es","7":"product_tag-otono-invierno-2022-23","9":"first","10":"instock","11":"sale","12":"taxable","13":"shipping-taxable","14":"purchasable","15":"product-type-variable"},"acf":[],"jetpack_sharing_enabled":true,"_links":{"self":[{"href":"https:\/\/www.pooze.pt\/es\/wp-json\/wp\/v2\/product\/23442","targetHints":{"allow":["GET"]}}],"collection":[{"href":"https:\/\/www.pooze.pt\/es\/wp-json\/wp\/v2\/product"}],"about":[{"href":"https:\/\/www.pooze.pt\/es\/wp-json\/wp\/v2\/types\/product"}],"wp:featuredmedia":[{"embeddable":true,"href":"https:\/\/www.pooze.pt\/es\/wp-json\/wp\/v2\/media\/23443"}],"wp:attachment":[{"href":"https:\/\/www.pooze.pt\/es\/wp-json\/wp\/v2\/media?parent=23442"}],"wp:term":[{"taxonomy":"product_brand","embeddable":true,"href":"https:\/\/www.pooze.pt\/es\/wp-json\/wp\/v2\/product_brand?post=23442"},{"taxonomy":"product_cat","embeddable":true,"href":"https:\/\/www.pooze.pt\/es\/wp-json\/wp\/v2\/product_cat?post=23442"},{"taxonomy":"product_tag","embeddable":true,"href":"https:\/\/www.pooze.pt\/es\/wp-json\/wp\/v2\/product_tag?post=23442"}],"curies":[{"name":"wp","href":"https:\/\/api.w.org\/{rel}","templated":true}]}}