{"id":27066,"date":"2025-11-04T12:29:13","date_gmt":"2025-11-04T12:29:13","guid":{"rendered":"https:\/\/www.pooze.pt\/produto\/vestido-em-malha-jaquard\/"},"modified":"2025-11-04T13:04:54","modified_gmt":"2025-11-04T13:04:54","slug":"vestido-em-malha-jaquard","status":"publish","type":"product","link":"https:\/\/www.pooze.pt\/es\/produto\/vestido-em-malha-jaquard\/","title":{"rendered":"VESTIDO DE PUNTO JACQUARD"},"content":{"rendered":"<p>Vestido de punto jacquard, manga larga, cuello alto, con superposici\u00f3n y aplicaci\u00f3n dorada. Disponible \u00fanicamente en un solo color. La modelo lleva la talla 34\/XS.<\/p>\n","protected":false},"excerpt":{"rendered":"<p>Vestido de punto jacquard, manga larga, cuello alto, con superposici\u00f3n y aplicaci\u00f3n dorada. Disponible \u00fanicamente en un solo color. La modelo lleva la talla 34\/XS.<\/p>\n","protected":false},"featured_media":27039,"template":"","meta":{"_acf_changed":false,"_et_pb_use_builder":"","_et_pb_old_content":"","_et_gb_content_width":""},"product_brand":[],"product_cat":[307],"product_tag":[475],"class_list":{"0":"post-27066","1":"product","2":"type-product","3":"status-publish","4":"has-post-thumbnail","6":"product_cat-outlet-es","7":"product_tag-otono-invierno-2024-25","9":"first","10":"instock","11":"sale","12":"taxable","13":"shipping-taxable","14":"purchasable","15":"product-type-variable"},"acf":[],"jetpack_sharing_enabled":true,"_links":{"self":[{"href":"https:\/\/www.pooze.pt\/es\/wp-json\/wp\/v2\/product\/27066","targetHints":{"allow":["GET"]}}],"collection":[{"href":"https:\/\/www.pooze.pt\/es\/wp-json\/wp\/v2\/product"}],"about":[{"href":"https:\/\/www.pooze.pt\/es\/wp-json\/wp\/v2\/types\/product"}],"wp:featuredmedia":[{"embeddable":true,"href":"https:\/\/www.pooze.pt\/es\/wp-json\/wp\/v2\/media\/27039"}],"wp:attachment":[{"href":"https:\/\/www.pooze.pt\/es\/wp-json\/wp\/v2\/media?parent=27066"}],"wp:term":[{"taxonomy":"product_brand","embeddable":true,"href":"https:\/\/www.pooze.pt\/es\/wp-json\/wp\/v2\/product_brand?post=27066"},{"taxonomy":"product_cat","embeddable":true,"href":"https:\/\/www.pooze.pt\/es\/wp-json\/wp\/v2\/product_cat?post=27066"},{"taxonomy":"product_tag","embeddable":true,"href":"https:\/\/www.pooze.pt\/es\/wp-json\/wp\/v2\/product_tag?post=27066"}],"curies":[{"name":"wp","href":"https:\/\/api.w.org\/{rel}","templated":true}]}}