{"id":27157,"date":"2025-11-05T09:47:01","date_gmt":"2025-11-05T09:47:01","guid":{"rendered":"https:\/\/www.pooze.pt\/produto\/tunica-de-saten-5\/"},"modified":"2025-11-05T09:54:00","modified_gmt":"2025-11-05T09:54:00","slug":"tunica-de-saten-5","status":"publish","type":"product","link":"https:\/\/www.pooze.pt\/es\/produto\/tunica-de-saten-5\/","title":{"rendered":"T\u00daNICA DE SAT\u00c9N"},"content":{"rendered":"<p>T\u00fanica de sat\u00e9n, manga larga, abertura en la espalda y cintur\u00f3n ajustable.<br \/>\nS\u00f3lo disponible en un color.<br \/>\nLa modelo lleva la talla 34\/XS.<\/p>\n","protected":false},"excerpt":{"rendered":"<p>T\u00fanica de sat\u00e9n, manga larga, abertura en la espalda y cintur\u00f3n ajustable.<br \/>\nS\u00f3lo disponible en un color.<br \/>\nLa modelo lleva la talla 34\/XS.<\/p>\n","protected":false},"featured_media":27143,"template":"","meta":{"_acf_changed":false,"_et_pb_use_builder":"","_et_pb_old_content":"","_et_gb_content_width":""},"product_brand":[],"product_cat":[307],"product_tag":[475],"class_list":{"0":"post-27157","1":"product","2":"type-product","3":"status-publish","4":"has-post-thumbnail","6":"product_cat-outlet-es","7":"product_tag-otono-invierno-2024-25","9":"first","10":"instock","11":"sale","12":"taxable","13":"shipping-taxable","14":"purchasable","15":"product-type-variable"},"acf":[],"jetpack_sharing_enabled":true,"_links":{"self":[{"href":"https:\/\/www.pooze.pt\/es\/wp-json\/wp\/v2\/product\/27157","targetHints":{"allow":["GET"]}}],"collection":[{"href":"https:\/\/www.pooze.pt\/es\/wp-json\/wp\/v2\/product"}],"about":[{"href":"https:\/\/www.pooze.pt\/es\/wp-json\/wp\/v2\/types\/product"}],"wp:featuredmedia":[{"embeddable":true,"href":"https:\/\/www.pooze.pt\/es\/wp-json\/wp\/v2\/media\/27143"}],"wp:attachment":[{"href":"https:\/\/www.pooze.pt\/es\/wp-json\/wp\/v2\/media?parent=27157"}],"wp:term":[{"taxonomy":"product_brand","embeddable":true,"href":"https:\/\/www.pooze.pt\/es\/wp-json\/wp\/v2\/product_brand?post=27157"},{"taxonomy":"product_cat","embeddable":true,"href":"https:\/\/www.pooze.pt\/es\/wp-json\/wp\/v2\/product_cat?post=27157"},{"taxonomy":"product_tag","embeddable":true,"href":"https:\/\/www.pooze.pt\/es\/wp-json\/wp\/v2\/product_tag?post=27157"}],"curies":[{"name":"wp","href":"https:\/\/api.w.org\/{rel}","templated":true}]}}