{"id":27756,"date":"2025-11-19T09:57:15","date_gmt":"2025-11-19T09:57:15","guid":{"rendered":"https:\/\/www.pooze.pt\/produto\/pantalones-rectos-8\/"},"modified":"2025-11-19T09:58:46","modified_gmt":"2025-11-19T09:58:46","slug":"pantalones-rectos-8","status":"publish","type":"product","link":"https:\/\/www.pooze.pt\/es\/produto\/pantalones-rectos-8\/","title":{"rendered":"PANTALONES RECTOS"},"content":{"rendered":"<p>Pantal\u00f3n recto, forrado, con estampado geom\u00e9trico y tira lateral de piel sint\u00e9tica.<br \/>\nS\u00f3lo disponible en un color.<br \/>\nLa modelo lleva la talla 34\/XS.<\/p>\n","protected":false},"excerpt":{"rendered":"<p>Pantal\u00f3n recto, forrado, con estampado geom\u00e9trico y tira lateral de piel sint\u00e9tica.<br \/>\nS\u00f3lo disponible en un color.<br \/>\nLa modelo lleva la talla 34\/XS.<\/p>\n","protected":false},"featured_media":27673,"template":"","meta":{"_acf_changed":false,"_et_pb_use_builder":"","_et_pb_old_content":"","_et_gb_content_width":""},"product_brand":[],"product_cat":[307],"product_tag":[475],"class_list":{"0":"post-27756","1":"product","2":"type-product","3":"status-publish","4":"has-post-thumbnail","6":"product_cat-outlet-es","7":"product_tag-otono-invierno-2024-25","9":"first","10":"instock","11":"sale","12":"taxable","13":"shipping-taxable","14":"purchasable","15":"product-type-variable"},"acf":[],"jetpack_sharing_enabled":true,"_links":{"self":[{"href":"https:\/\/www.pooze.pt\/es\/wp-json\/wp\/v2\/product\/27756","targetHints":{"allow":["GET"]}}],"collection":[{"href":"https:\/\/www.pooze.pt\/es\/wp-json\/wp\/v2\/product"}],"about":[{"href":"https:\/\/www.pooze.pt\/es\/wp-json\/wp\/v2\/types\/product"}],"wp:featuredmedia":[{"embeddable":true,"href":"https:\/\/www.pooze.pt\/es\/wp-json\/wp\/v2\/media\/27673"}],"wp:attachment":[{"href":"https:\/\/www.pooze.pt\/es\/wp-json\/wp\/v2\/media?parent=27756"}],"wp:term":[{"taxonomy":"product_brand","embeddable":true,"href":"https:\/\/www.pooze.pt\/es\/wp-json\/wp\/v2\/product_brand?post=27756"},{"taxonomy":"product_cat","embeddable":true,"href":"https:\/\/www.pooze.pt\/es\/wp-json\/wp\/v2\/product_cat?post=27756"},{"taxonomy":"product_tag","embeddable":true,"href":"https:\/\/www.pooze.pt\/es\/wp-json\/wp\/v2\/product_tag?post=27756"}],"curies":[{"name":"wp","href":"https:\/\/api.w.org\/{rel}","templated":true}]}}