{"id":27772,"date":"2025-11-19T10:25:09","date_gmt":"2025-11-19T10:25:09","guid":{"rendered":"https:\/\/www.pooze.pt\/produto\/cardigan-2\/"},"modified":"2025-11-19T10:26:41","modified_gmt":"2025-11-19T10:26:41","slug":"cardigan-2","status":"publish","type":"product","link":"https:\/\/www.pooze.pt\/es\/produto\/cardigan-2\/","title":{"rendered":"CARDIGAN"},"content":{"rendered":"<p>C\u00e1rdigan de punto con cintur\u00f3n, mangas de canal\u00e9 y bolsillos de parche.<br \/>\nS\u00f3lo disponible en un color.<br \/>\nLa modelo lleva la talla 34\/XS.<\/p>\n","protected":false},"excerpt":{"rendered":"<p>C\u00e1rdigan de punto con cintur\u00f3n, mangas de canal\u00e9 y bolsillos de parche.<br \/>\nS\u00f3lo disponible en un color.<br \/>\nLa modelo lleva la talla 34\/XS.<\/p>\n","protected":false},"featured_media":27688,"template":"","meta":{"_acf_changed":false,"_et_pb_use_builder":"","_et_pb_old_content":"","_et_gb_content_width":""},"product_brand":[],"product_cat":[307],"product_tag":[479],"class_list":{"0":"post-27772","1":"product","2":"type-product","3":"status-publish","4":"has-post-thumbnail","6":"product_cat-outlet-es","7":"product_tag-otono-invierno-2023-24","9":"first","10":"instock","11":"sale","12":"taxable","13":"shipping-taxable","14":"purchasable","15":"product-type-variable"},"acf":[],"jetpack_sharing_enabled":true,"_links":{"self":[{"href":"https:\/\/www.pooze.pt\/es\/wp-json\/wp\/v2\/product\/27772","targetHints":{"allow":["GET"]}}],"collection":[{"href":"https:\/\/www.pooze.pt\/es\/wp-json\/wp\/v2\/product"}],"about":[{"href":"https:\/\/www.pooze.pt\/es\/wp-json\/wp\/v2\/types\/product"}],"wp:featuredmedia":[{"embeddable":true,"href":"https:\/\/www.pooze.pt\/es\/wp-json\/wp\/v2\/media\/27688"}],"wp:attachment":[{"href":"https:\/\/www.pooze.pt\/es\/wp-json\/wp\/v2\/media?parent=27772"}],"wp:term":[{"taxonomy":"product_brand","embeddable":true,"href":"https:\/\/www.pooze.pt\/es\/wp-json\/wp\/v2\/product_brand?post=27772"},{"taxonomy":"product_cat","embeddable":true,"href":"https:\/\/www.pooze.pt\/es\/wp-json\/wp\/v2\/product_cat?post=27772"},{"taxonomy":"product_tag","embeddable":true,"href":"https:\/\/www.pooze.pt\/es\/wp-json\/wp\/v2\/product_tag?post=27772"}],"curies":[{"name":"wp","href":"https:\/\/api.w.org\/{rel}","templated":true}]}}