{"id":28135,"date":"2026-01-07T17:09:32","date_gmt":"2026-01-07T17:09:32","guid":{"rendered":"https:\/\/www.pooze.pt\/produto\/tunica-de-saten-6\/"},"modified":"2026-01-07T17:21:11","modified_gmt":"2026-01-07T17:21:11","slug":"tunica-de-saten-6","status":"publish","type":"product","link":"https:\/\/www.pooze.pt\/es\/produto\/tunica-de-saten-6\/","title":{"rendered":"T\u00daNICA DE SAT\u00c9N"},"content":{"rendered":"<p>T\u00fanica de sat\u00e9n con escote de volantes, pliegues en los hombros y pu\u00f1os el\u00e1sticos.<br \/>\nS\u00f3lo disponible en un color.<\/p>\n","protected":false},"excerpt":{"rendered":"<p>T\u00fanica de sat\u00e9n con escote de volantes, pliegues en los hombros y pu\u00f1os el\u00e1sticos.<br \/>\nS\u00f3lo disponible en un color.<\/p>\n","protected":false},"featured_media":28087,"template":"","meta":{"_acf_changed":false,"_et_pb_use_builder":"","_et_pb_old_content":"","_et_gb_content_width":""},"product_brand":[],"product_cat":[307],"product_tag":[479],"class_list":{"0":"post-28135","1":"product","2":"type-product","3":"status-publish","4":"has-post-thumbnail","6":"product_cat-outlet-es","7":"product_tag-otono-invierno-2023-24","9":"first","10":"instock","11":"sale","12":"taxable","13":"shipping-taxable","14":"purchasable","15":"product-type-variable"},"acf":[],"jetpack_sharing_enabled":true,"_links":{"self":[{"href":"https:\/\/www.pooze.pt\/es\/wp-json\/wp\/v2\/product\/28135","targetHints":{"allow":["GET"]}}],"collection":[{"href":"https:\/\/www.pooze.pt\/es\/wp-json\/wp\/v2\/product"}],"about":[{"href":"https:\/\/www.pooze.pt\/es\/wp-json\/wp\/v2\/types\/product"}],"wp:featuredmedia":[{"embeddable":true,"href":"https:\/\/www.pooze.pt\/es\/wp-json\/wp\/v2\/media\/28087"}],"wp:attachment":[{"href":"https:\/\/www.pooze.pt\/es\/wp-json\/wp\/v2\/media?parent=28135"}],"wp:term":[{"taxonomy":"product_brand","embeddable":true,"href":"https:\/\/www.pooze.pt\/es\/wp-json\/wp\/v2\/product_brand?post=28135"},{"taxonomy":"product_cat","embeddable":true,"href":"https:\/\/www.pooze.pt\/es\/wp-json\/wp\/v2\/product_cat?post=28135"},{"taxonomy":"product_tag","embeddable":true,"href":"https:\/\/www.pooze.pt\/es\/wp-json\/wp\/v2\/product_tag?post=28135"}],"curies":[{"name":"wp","href":"https:\/\/api.w.org\/{rel}","templated":true}]}}